{"id":3238,"date":"2023-11-20T16:10:36","date_gmt":"2023-11-20T16:10:36","guid":{"rendered":"https:\/\/anima-fitness-and-health.shop\/?post_type=product&#038;p=3238"},"modified":"2023-11-20T16:10:36","modified_gmt":"2023-11-20T16:10:36","slug":"369-multihip","status":"publish","type":"product","link":"https:\/\/anima-fitness-and-health.shop\/en\/product\/369-multihip\/","title":{"rendered":"369 Multihip"},"content":{"rendered":"<div class=\"et_pb_section et_pb_section_4_tb_body et_section_regular\">\n<div class=\"et_pb_row et_pb_row_3_tb_body\">\n<div class=\"et_pb_column et_pb_column_4_4 et_pb_column_5_tb_body  et_pb_css_mix_blend_mode_passthrough et-last-child\">\n<div class=\"et_pb_with_border et_pb_module et_pb_code et_pb_code_2_tb_body\">\n<div class=\"et_pb_code_inner\">\n<h4 class=\"rv_button closed hidesv\">Technical specifications &amp; Documents<\/h4>\n<\/div>\n<\/div>\n<\/div>\n<\/div>\n<\/div>\n<div class=\"et_pb_section et_pb_section_5_tb_body et_section_regular\">\n<div class=\"et_pb_row et_pb_row_4_tb_body\">\n<div class=\"et_pb_column et_pb_column_4_4 et_pb_column_6_tb_body  et_pb_css_mix_blend_mode_passthrough et-last-child\">\n<div class=\"et_pb_module et_pb_wc_additional_info et_pb_wc_additional_info_0_tb_body et_pb_bg_layout_light  et_pb_text_align_left\">\n<div class=\"et_pb_module_inner\">\n<table class=\"woocommerce-product-attributes shop_attributes\">\n<tbody>\n<tr class=\"woocommerce-product-attributes-item woocommerce-product-attributes-item--attribute_pa_gym-machine-muscle-target\">\n<th class=\"woocommerce-product-attributes-item__label\">Gym machine muscle target<\/th>\n<td class=\"woocommerce-product-attributes-item__value\">Legs<\/td>\n<\/tr>\n<tr class=\"woocommerce-product-attributes-item woocommerce-product-attributes-item--attribute_pa_exercise-types\">\n<th class=\"woocommerce-product-attributes-item__label\">Exercise types<\/th>\n<td class=\"woocommerce-product-attributes-item__value\">Strength training<\/td>\n<\/tr>\n<tr class=\"woocommerce-product-attributes-item woocommerce-product-attributes-item--attribute_pa_cushion-color\">\n<th class=\"woocommerce-product-attributes-item__label\">Cushion color<\/th>\n<td class=\"woocommerce-product-attributes-item__value\">Black\/red<\/td>\n<\/tr>\n<tr class=\"woocommerce-product-attributes-item woocommerce-product-attributes-item--attribute_pa_depth\">\n<th class=\"woocommerce-product-attributes-item__label\">Depth<\/th>\n<td class=\"woocommerce-product-attributes-item__value\">115 cm<\/td>\n<\/tr>\n<tr class=\"woocommerce-product-attributes-item woocommerce-product-attributes-item--attribute_pa_height\">\n<th class=\"woocommerce-product-attributes-item__label\">Height<\/th>\n<td class=\"woocommerce-product-attributes-item__value\">160 cm<\/td>\n<\/tr>\n<tr class=\"woocommerce-product-attributes-item woocommerce-product-attributes-item--attribute_pa_series\">\n<th class=\"woocommerce-product-attributes-item__label\">Series<\/th>\n<td class=\"woocommerce-product-attributes-item__value\">300<\/td>\n<\/tr>\n<tr class=\"woocommerce-product-attributes-item woocommerce-product-attributes-item--attribute_pa_width\">\n<th class=\"woocommerce-product-attributes-item__label\">Width<\/th>\n<td class=\"woocommerce-product-attributes-item__value\">110 cm<\/td>\n<\/tr>\n<tr class=\"woocommerce-product-attributes-item woocommerce-product-attributes-item--attribute_pa_weight\">\n<th class=\"woocommerce-product-attributes-item__label\">Weight<\/th>\n<td class=\"woocommerce-product-attributes-item__value\">177 kg<\/td>\n<\/tr>\n<tr class=\"woocommerce-product-attributes-item woocommerce-product-attributes-item--attribute_pa_weight-stack\">\n<th class=\"woocommerce-product-attributes-item__label\">Weight stack<\/th>\n<td class=\"woocommerce-product-attributes-item__value\">60 kg<\/td>\n<\/tr>\n<\/tbody>\n<\/table>\n<h3>Full product catalog<\/h3>\n<p><a href=\"http:\/\/anima-fitness-and-health.shop\/wp-content\/uploads\/2023\/11\/Gymleco-Catalog-Strength-Machines-2023-m.f.pdf\">Gymleco<\/a><span style=\"color: #000000;\"><a style=\"color: #000000;\" href=\"http:\/\/anima-fitness-and-health.shop\/wp-content\/uploads\/2023\/11\/Gymleco-Catalog-Strength-Machines-2023-m.f.pdf\"> Catalog Strength Machines 2023 m.f<\/a><\/span><\/p>\n<\/div>\n<\/div>\n<\/div>\n<\/div>\n<\/div>","protected":false},"excerpt":{"rendered":"<div class=\"flex-1 overflow-hidden\">\n<div class=\"react-scroll-to-bottom--css-yuydy-79elbk h-full\">\n<div class=\"react-scroll-to-bottom--css-yuydy-1n7m0yu\">\n<div class=\"flex flex-col text-sm gizmo:pb-9 dark:bg-gray-800 gizmo:dark:bg-transparent\">\n<div class=\"w-full text-token-text-primary border-b border-black\/10 gizmo:border-0 dark:border-gray-900\/50 gizmo:dark:border-0 bg-gray-50 gizmo:bg-transparent dark:bg-[#444654] gizmo:dark:bg-transparent\" data-testid=\"conversation-turn-81\">\n<div class=\"p-4 gizmo:py-2 justify-center text-base md:gap-6 md:py-6 m-auto\">\n<div class=\"flex flex-1 gap-4 text-base mx-auto md:gap-6 gizmo:gap-3 gizmo:md:px-5 gizmo:lg:px-1 gizmo:xl:px-5 md:max-w-2xl lg:max-w-[38rem] gizmo:md:max-w-3xl gizmo:lg:max-w-[40rem] gizmo:xl:max-w-[48rem] xl:max-w-3xl } group final-completion\">\n<div class=\"relative flex w-[calc(100%-50px)] flex-col gizmo:w-full lg:w-[calc(100%-115px)] agent-turn\">\n<div class=\"flex-col gap-1 md:gap-3\">\n<div class=\"flex flex-grow flex-col max-w-full gap-3 gizmo:gap-0\">\n<div class=\"min-h-[20px] text-message flex flex-col items-start gap-3 whitespace-pre-wrap break-words [.text-message+&amp;]:mt-5 overflow-x-auto\" data-message-author-role=\"assistant\" data-message-id=\"92f10f1b-6130-4687-a145-25a156df94dc\">\n<div class=\"markdown prose w-full break-words dark:prose-invert dark\">\n<h5>Gymleco Multihip ma\u0161ina trenira unutra\u0161nji i spolja\u0161nji deo butine, gluteus, struk, prednji deo butine i mi\u0161i\u0107e kuka, uklju\u010duju\u0107i i fleksore kuka. Ovo je multifunkcionalna staja\u0107a ma\u0161ina za ve\u017ebanje nogu i kukova koja je lako razumljiva i odgovara svim du\u017einama tela. Kombinovana ma\u0161ina koja ima jednostavan, kompaktan dizajn pru\u017ea raznovrsan i fleksibilan trening.<\/h5>\n<\/div>\n<\/div>\n<\/div>\n<\/div>\n<\/div>\n<\/div>\n<\/div>\n<\/div>\n<\/div>\n<\/div>\n<\/div>\n<\/div>\n","protected":false},"featured_media":3242,"comment_status":"closed","ping_status":"closed","template":"","meta":{"inline_featured_image":false},"product_brand":[],"product_cat":[76,42,68],"product_tag":[51],"class_list":{"0":"post-3238","1":"product","2":"type-product","3":"status-publish","4":"has-post-thumbnail","6":"product_cat-kombinovane-masine","7":"product_cat-machines","8":"product_cat-selektivne-sprave-za-teretanu","9":"product_tag-noge","11":"first","12":"instock","13":"shipping-taxable","14":"product-type-simple"},"_links":{"self":[{"href":"https:\/\/anima-fitness-and-health.shop\/en\/wp-json\/wp\/v2\/product\/3238","targetHints":{"allow":["GET"]}}],"collection":[{"href":"https:\/\/anima-fitness-and-health.shop\/en\/wp-json\/wp\/v2\/product"}],"about":[{"href":"https:\/\/anima-fitness-and-health.shop\/en\/wp-json\/wp\/v2\/types\/product"}],"replies":[{"embeddable":true,"href":"https:\/\/anima-fitness-and-health.shop\/en\/wp-json\/wp\/v2\/comments?post=3238"}],"version-history":[{"count":0,"href":"https:\/\/anima-fitness-and-health.shop\/en\/wp-json\/wp\/v2\/product\/3238\/revisions"}],"wp:featuredmedia":[{"embeddable":true,"href":"https:\/\/anima-fitness-and-health.shop\/en\/wp-json\/wp\/v2\/media\/3242"}],"wp:attachment":[{"href":"https:\/\/anima-fitness-and-health.shop\/en\/wp-json\/wp\/v2\/media?parent=3238"}],"wp:term":[{"taxonomy":"product_brand","embeddable":true,"href":"https:\/\/anima-fitness-and-health.shop\/en\/wp-json\/wp\/v2\/product_brand?post=3238"},{"taxonomy":"product_cat","embeddable":true,"href":"https:\/\/anima-fitness-and-health.shop\/en\/wp-json\/wp\/v2\/product_cat?post=3238"},{"taxonomy":"product_tag","embeddable":true,"href":"https:\/\/anima-fitness-and-health.shop\/en\/wp-json\/wp\/v2\/product_tag?post=3238"}],"curies":[{"name":"wp","href":"https:\/\/api.w.org\/{rel}","templated":true}]}}