{"id":3082,"date":"2023-11-19T14:14:48","date_gmt":"2023-11-19T14:14:48","guid":{"rendered":"https:\/\/anima-fitness-and-health.shop\/?post_type=product&#038;p=3082"},"modified":"2023-11-19T14:14:48","modified_gmt":"2023-11-19T14:14:48","slug":"038-viking-press","status":"publish","type":"product","link":"https:\/\/anima-fitness-and-health.shop\/en\/product\/038-viking-press\/","title":{"rendered":"038 Viking Press"},"content":{"rendered":"<div class=\"embed-container\"><iframe title=\"HOW TO USE GYM MACHINES: Gymleco Viking Press\" width=\"600\" height=\"338\" src=\"https:\/\/www.youtube.com\/embed\/KJJ849d06jg?feature=oembed\" frameborder=\"0\" allow=\"accelerometer; autoplay; clipboard-write; encrypted-media; gyroscope; picture-in-picture; web-share\" referrerpolicy=\"strict-origin-when-cross-origin\" allowfullscreen><\/iframe><\/div>\n<div class=\"et_pb_section et_pb_section_4_tb_body et_section_regular\">\n<div class=\"et_pb_row et_pb_row_3_tb_body\">\n<div class=\"et_pb_column et_pb_column_4_4 et_pb_column_5_tb_body  et_pb_css_mix_blend_mode_passthrough et-last-child\">\n<div class=\"et_pb_with_border et_pb_module et_pb_code et_pb_code_2_tb_body\">\n<div class=\"et_pb_code_inner\">\n<h4 class=\"rv_button closed hidesv\">Technical specifications &amp; Documents<\/h4>\n<\/div>\n<\/div>\n<\/div>\n<\/div>\n<\/div>\n<div class=\"et_pb_section et_pb_section_5_tb_body et_section_regular\">\n<div class=\"et_pb_row et_pb_row_4_tb_body\">\n<div class=\"et_pb_column et_pb_column_4_4 et_pb_column_6_tb_body  et_pb_css_mix_blend_mode_passthrough et-last-child\">\n<div class=\"et_pb_module et_pb_wc_additional_info et_pb_wc_additional_info_0_tb_body et_pb_bg_layout_light  et_pb_text_align_left\">\n<div class=\"et_pb_module_inner\">\n<table class=\"woocommerce-product-attributes shop_attributes\">\n<tbody>\n<tr class=\"woocommerce-product-attributes-item woocommerce-product-attributes-item--attribute_pa_gym-machine-muscle-target\">\n<th class=\"woocommerce-product-attributes-item__label\">Gym machine muscle target<\/th>\n<td class=\"woocommerce-product-attributes-item__value\">Shoulder<\/td>\n<\/tr>\n<tr class=\"woocommerce-product-attributes-item woocommerce-product-attributes-item--attribute_length\">\n<th class=\"woocommerce-product-attributes-item__label\">Length<\/th>\n<td class=\"woocommerce-product-attributes-item__value\">121 cm<\/td>\n<\/tr>\n<tr class=\"woocommerce-product-attributes-item woocommerce-product-attributes-item--attribute_width\">\n<th class=\"woocommerce-product-attributes-item__label\">Width<\/th>\n<td class=\"woocommerce-product-attributes-item__value\">98 cm<\/td>\n<\/tr>\n<tr class=\"woocommerce-product-attributes-item woocommerce-product-attributes-item--attribute_height\">\n<th class=\"woocommerce-product-attributes-item__label\">Height<\/th>\n<td class=\"woocommerce-product-attributes-item__value\">154 cm<\/td>\n<\/tr>\n<tr class=\"woocommerce-product-attributes-item woocommerce-product-attributes-item--attribute_weight\">\n<th class=\"woocommerce-product-attributes-item__label\">Weight<\/th>\n<td class=\"woocommerce-product-attributes-item__value\">125 kg<\/td>\n<\/tr>\n<tr class=\"woocommerce-product-attributes-item woocommerce-product-attributes-item--attribute_start-weight-handles\">\n<th class=\"woocommerce-product-attributes-item__label\">Start weight handles<\/th>\n<td class=\"woocommerce-product-attributes-item__value\">21 kg<\/td>\n<\/tr>\n<tr class=\"woocommerce-product-attributes-item woocommerce-product-attributes-item--attribute_parallel-grip\">\n<th class=\"woocommerce-product-attributes-item__label\">Parallel grip<\/th>\n<td class=\"woocommerce-product-attributes-item__value\">c\/c 59 cm<\/td>\n<\/tr>\n<tr class=\"woocommerce-product-attributes-item woocommerce-product-attributes-item--attribute_axial-grip\">\n<th class=\"woocommerce-product-attributes-item__label\">Axial grip<\/th>\n<td class=\"woocommerce-product-attributes-item__value\">62-96 cm between index fingers<\/td>\n<\/tr>\n<tr class=\"woocommerce-product-attributes-item woocommerce-product-attributes-item--attribute_pa_exercise-types\">\n<th class=\"woocommerce-product-attributes-item__label\">Exercise types<\/th>\n<td class=\"woocommerce-product-attributes-item__value\">Strength training<\/td>\n<\/tr>\n<tr class=\"woocommerce-product-attributes-item woocommerce-product-attributes-item--attribute_pa_series\">\n<th class=\"woocommerce-product-attributes-item__label\">Series<\/th>\n<td class=\"woocommerce-product-attributes-item__value\">010<\/td>\n<\/tr>\n<\/tbody>\n<\/table>\n<h3>Full product catalog<\/h3>\n<p><a href=\"http:\/\/anima-fitness-and-health.shop\/wp-content\/uploads\/2023\/11\/Gymleco-Catalog-Strength-Machines-2023-m.f.pdf\">Gymleco<\/a><span style=\"color: #000000;\"><a style=\"color: #000000;\" href=\"http:\/\/anima-fitness-and-health.shop\/wp-content\/uploads\/2023\/11\/Gymleco-Catalog-Strength-Machines-2023-m.f.pdf\"> Catalog Strength Machines 2023 m.f<\/a><\/span><\/p>\n<\/div>\n<\/div>\n<\/div>\n<\/div>\n<\/div>","protected":false},"excerpt":{"rendered":"<h5>Viking Press ma\u0161ina za teretanu je jedan od najboljih na\u010dina za pobolj\u0161anje snage pritiska iznad glave. Sama ve\u017eba je fokusirana na ramena, ali \u010dinjenica je da tokom pokreta koristite snagu celog tela. Drugim re\u010dima, to vam daje efikasan trening za celo telo. Pro\u010ditajte vi\u0161e o Viking Pressu u nastavku.<\/h5>","protected":false},"featured_media":3083,"comment_status":"closed","ping_status":"closed","template":"","meta":{"inline_featured_image":false},"product_brand":[],"product_cat":[42,15],"product_tag":[63],"class_list":{"0":"post-3082","1":"product","2":"type-product","3":"status-publish","4":"has-post-thumbnail","6":"product_cat-machines","7":"product_cat-masine-sa-plocama","8":"product_tag-ramena","10":"first","11":"instock","12":"shipping-taxable","13":"product-type-simple"},"_links":{"self":[{"href":"https:\/\/anima-fitness-and-health.shop\/en\/wp-json\/wp\/v2\/product\/3082","targetHints":{"allow":["GET"]}}],"collection":[{"href":"https:\/\/anima-fitness-and-health.shop\/en\/wp-json\/wp\/v2\/product"}],"about":[{"href":"https:\/\/anima-fitness-and-health.shop\/en\/wp-json\/wp\/v2\/types\/product"}],"replies":[{"embeddable":true,"href":"https:\/\/anima-fitness-and-health.shop\/en\/wp-json\/wp\/v2\/comments?post=3082"}],"version-history":[{"count":0,"href":"https:\/\/anima-fitness-and-health.shop\/en\/wp-json\/wp\/v2\/product\/3082\/revisions"}],"wp:featuredmedia":[{"embeddable":true,"href":"https:\/\/anima-fitness-and-health.shop\/en\/wp-json\/wp\/v2\/media\/3083"}],"wp:attachment":[{"href":"https:\/\/anima-fitness-and-health.shop\/en\/wp-json\/wp\/v2\/media?parent=3082"}],"wp:term":[{"taxonomy":"product_brand","embeddable":true,"href":"https:\/\/anima-fitness-and-health.shop\/en\/wp-json\/wp\/v2\/product_brand?post=3082"},{"taxonomy":"product_cat","embeddable":true,"href":"https:\/\/anima-fitness-and-health.shop\/en\/wp-json\/wp\/v2\/product_cat?post=3082"},{"taxonomy":"product_tag","embeddable":true,"href":"https:\/\/anima-fitness-and-health.shop\/en\/wp-json\/wp\/v2\/product_tag?post=3082"}],"curies":[{"name":"wp","href":"https:\/\/api.w.org\/{rel}","templated":true}]}}