{"id":2997,"date":"2023-11-18T14:31:12","date_gmt":"2023-11-18T14:31:12","guid":{"rendered":"https:\/\/anima-fitness-and-health.shop\/?post_type=product&#038;p=2997"},"modified":"2023-11-19T14:48:33","modified_gmt":"2023-11-19T14:48:33","slug":"365b-lumbar-abdominal-with-armrest","status":"publish","type":"product","link":"https:\/\/anima-fitness-and-health.shop\/en\/product\/365b-lumbar-abdominal-with-armrest\/","title":{"rendered":"365B Lumbar\/Abdominal (with armrest)"},"content":{"rendered":"<div class=\"et_pb_section et_pb_section_4_tb_body et_section_regular\">\n<div class=\"et_pb_row et_pb_row_3_tb_body\">\n<div class=\"et_pb_column et_pb_column_4_4 et_pb_column_5_tb_body et_pb_css_mix_blend_mode_passthrough et-last-child\">\n<div class=\"et_pb_with_border et_pb_module et_pb_code et_pb_code_2_tb_body\">\n<div class=\"et_pb_code_inner\">\n<h4><\/h4>\n<h4 class=\"rv_button hidesv opened\">Technical specifications &amp; Documents<\/h4>\n<\/div>\n<\/div>\n<\/div>\n<\/div>\n<\/div>\n<div class=\"et_pb_section et_pb_section_5_tb_body et_section_regular\">\n<div class=\"et_pb_row et_pb_row_4_tb_body\">\n<div class=\"et_pb_column et_pb_column_4_4 et_pb_column_6_tb_body et_pb_css_mix_blend_mode_passthrough et-last-child\">\n<div class=\"et_pb_module et_pb_wc_additional_info et_pb_wc_additional_info_0_tb_body et_pb_bg_layout_light et_pb_text_align_left\">\n<div class=\"et_pb_module_inner\">\n<table class=\"woocommerce-product-attributes shop_attributes\">\n<tbody>\n<tr class=\"woocommerce-product-attributes-item woocommerce-product-attributes-item--attribute_pa_gym-machine-muscle-target\">\n<th class=\"woocommerce-product-attributes-item__label\">Gym machine muscle target<\/th>\n<td class=\"woocommerce-product-attributes-item__value\">Back, Abdominal<\/td>\n<\/tr>\n<tr class=\"woocommerce-product-attributes-item woocommerce-product-attributes-item--attribute_pa_cushion-color\">\n<th class=\"woocommerce-product-attributes-item__label\">Cushion color<\/th>\n<td class=\"woocommerce-product-attributes-item__value\">Black\/red<\/td>\n<\/tr>\n<tr class=\"woocommerce-product-attributes-item woocommerce-product-attributes-item--attribute_pa_exercise-types\">\n<th class=\"woocommerce-product-attributes-item__label\">Exercise types<\/th>\n<td class=\"woocommerce-product-attributes-item__value\">Strength training<\/td>\n<\/tr>\n<tr class=\"woocommerce-product-attributes-item woocommerce-product-attributes-item--attribute_pa_depth\">\n<th class=\"woocommerce-product-attributes-item__label\">Depth<\/th>\n<td class=\"woocommerce-product-attributes-item__value\">100 cm<\/td>\n<\/tr>\n<tr class=\"woocommerce-product-attributes-item woocommerce-product-attributes-item--attribute_pa_height\">\n<th class=\"woocommerce-product-attributes-item__label\">Height<\/th>\n<td class=\"woocommerce-product-attributes-item__value\">160 cm<\/td>\n<\/tr>\n<tr class=\"woocommerce-product-attributes-item woocommerce-product-attributes-item--attribute_pa_width\">\n<th class=\"woocommerce-product-attributes-item__label\">Width<\/th>\n<td class=\"woocommerce-product-attributes-item__value\">90 cm<\/td>\n<\/tr>\n<tr class=\"woocommerce-product-attributes-item woocommerce-product-attributes-item--attribute_pa_weight\">\n<th class=\"woocommerce-product-attributes-item__label\">Weight<\/th>\n<td class=\"woocommerce-product-attributes-item__value\">230 kg<\/td>\n<\/tr>\n<tr class=\"woocommerce-product-attributes-item woocommerce-product-attributes-item--attribute_pa_weight-stack\">\n<th class=\"woocommerce-product-attributes-item__label\">Weight stack<\/th>\n<td class=\"woocommerce-product-attributes-item__value\">100 kg<\/td>\n<\/tr>\n<tr class=\"woocommerce-product-attributes-item woocommerce-product-attributes-item--attribute_pa_series\">\n<th class=\"woocommerce-product-attributes-item__label\">Series<\/th>\n<td class=\"woocommerce-product-attributes-item__value\">300<\/td>\n<\/tr>\n<\/tbody>\n<\/table>\n<\/div>\n<\/div>\n<\/div>\n<\/div>\n<\/div>\n<h3>Full product catalog<\/h3>\n<p><a href=\"http:\/\/anima-fitness-and-health.shop\/wp-content\/uploads\/2023\/11\/Gymleco-Catalog-Strength-Machines-2023-m.f.pdf\">Gymleco<\/a><span style=\"color: #000000;\"><a style=\"color: #000000;\" href=\"http:\/\/anima-fitness-and-health.shop\/wp-content\/uploads\/2023\/11\/Gymleco-Catalog-Strength-Machines-2023-m.f.pdf\"> Catalog Strength Machines 2023 m.f<\/a><\/span><\/p>","protected":false},"excerpt":{"rendered":"<h5>Kombinovana ma\u0161ina za efikasan trening donjeg dela le\u0111a i trbu\u0161nih mi\u0161i\u0107a &#8211; obe va\u017ene mi\u0161i\u0107ne grupe za stabilizaciju va\u0161eg trupa. Sli\u010dna je na\u0161oj 365A kombinovanoj ma\u0161ini, ali ima naslon za ruke i dr\u0161ke umesto okruglog jastuka za lak pristup.<\/h5>","protected":false},"featured_media":2998,"comment_status":"closed","ping_status":"closed","template":"","meta":{"inline_featured_image":false},"product_brand":[],"product_cat":[76,68],"product_tag":[59,57],"class_list":{"0":"post-2997","1":"product","2":"type-product","3":"status-publish","4":"has-post-thumbnail","6":"product_cat-kombinovane-masine","7":"product_cat-selektivne-sprave-za-teretanu","8":"product_tag-abdomen","9":"product_tag-ledja","11":"first","12":"instock","13":"shipping-taxable","14":"product-type-simple"},"_links":{"self":[{"href":"https:\/\/anima-fitness-and-health.shop\/en\/wp-json\/wp\/v2\/product\/2997","targetHints":{"allow":["GET"]}}],"collection":[{"href":"https:\/\/anima-fitness-and-health.shop\/en\/wp-json\/wp\/v2\/product"}],"about":[{"href":"https:\/\/anima-fitness-and-health.shop\/en\/wp-json\/wp\/v2\/types\/product"}],"replies":[{"embeddable":true,"href":"https:\/\/anima-fitness-and-health.shop\/en\/wp-json\/wp\/v2\/comments?post=2997"}],"version-history":[{"count":0,"href":"https:\/\/anima-fitness-and-health.shop\/en\/wp-json\/wp\/v2\/product\/2997\/revisions"}],"wp:featuredmedia":[{"embeddable":true,"href":"https:\/\/anima-fitness-and-health.shop\/en\/wp-json\/wp\/v2\/media\/2998"}],"wp:attachment":[{"href":"https:\/\/anima-fitness-and-health.shop\/en\/wp-json\/wp\/v2\/media?parent=2997"}],"wp:term":[{"taxonomy":"product_brand","embeddable":true,"href":"https:\/\/anima-fitness-and-health.shop\/en\/wp-json\/wp\/v2\/product_brand?post=2997"},{"taxonomy":"product_cat","embeddable":true,"href":"https:\/\/anima-fitness-and-health.shop\/en\/wp-json\/wp\/v2\/product_cat?post=2997"},{"taxonomy":"product_tag","embeddable":true,"href":"https:\/\/anima-fitness-and-health.shop\/en\/wp-json\/wp\/v2\/product_tag?post=2997"}],"curies":[{"name":"wp","href":"https:\/\/api.w.org\/{rel}","templated":true}]}}