{"id":2989,"date":"2023-11-18T14:21:31","date_gmt":"2023-11-18T14:21:31","guid":{"rendered":"https:\/\/anima-fitness-and-health.shop\/?post_type=product&#038;p=2989"},"modified":"2023-11-19T15:07:57","modified_gmt":"2023-11-19T15:07:57","slug":"314-chins-dips","status":"publish","type":"product","link":"https:\/\/anima-fitness-and-health.shop\/en\/product\/314-chins-dips\/","title":{"rendered":"314 Chins\/Dips"},"content":{"rendered":"<div class=\"et_pb_section et_pb_section_4_tb_body et_section_regular\">\n<div class=\"et_pb_row et_pb_row_3_tb_body\">\n<div class=\"et_pb_column et_pb_column_4_4 et_pb_column_5_tb_body et_pb_css_mix_blend_mode_passthrough et-last-child\">\n<div class=\"et_pb_with_border et_pb_module et_pb_code et_pb_code_2_tb_body\">\n<div class=\"et_pb_code_inner\">\n<div class=\"embed-container\"><iframe title=\"HOW TO USE GYM MACHINES: Chins\/Dips\" width=\"600\" height=\"338\" src=\"https:\/\/www.youtube.com\/embed\/_je44d3JfEI?feature=oembed\" frameborder=\"0\" allow=\"accelerometer; autoplay; clipboard-write; encrypted-media; gyroscope; picture-in-picture; web-share\" referrerpolicy=\"strict-origin-when-cross-origin\" allowfullscreen><\/iframe><\/div>\n<h4 class=\"rv_button closed hidesv\">Technical specifications &amp; Documents<\/h4>\n<\/div>\n<\/div>\n<\/div>\n<\/div>\n<\/div>\n<div class=\"et_pb_section et_pb_section_5_tb_body et_section_regular\">\n<div class=\"et_pb_row et_pb_row_4_tb_body\">\n<div class=\"et_pb_column et_pb_column_4_4 et_pb_column_6_tb_body et_pb_css_mix_blend_mode_passthrough et-last-child\">\n<div class=\"et_pb_module et_pb_wc_additional_info et_pb_wc_additional_info_0_tb_body et_pb_bg_layout_light et_pb_text_align_left\">\n<div class=\"et_pb_module_inner\">\n<table class=\"woocommerce-product-attributes shop_attributes\">\n<tbody>\n<tr class=\"woocommerce-product-attributes-item woocommerce-product-attributes-item--attribute_pa_gym-machine-muscle-target\">\n<th class=\"woocommerce-product-attributes-item__label\">Gym machine muscle target<\/th>\n<td class=\"woocommerce-product-attributes-item__value\">Arms, Back<\/td>\n<\/tr>\n<tr class=\"woocommerce-product-attributes-item woocommerce-product-attributes-item--attribute_pa_exercise-types\">\n<th class=\"woocommerce-product-attributes-item__label\">Exercise types<\/th>\n<td class=\"woocommerce-product-attributes-item__value\">Strength training<\/td>\n<\/tr>\n<tr class=\"woocommerce-product-attributes-item woocommerce-product-attributes-item--attribute_pa_cushion-color\">\n<th class=\"woocommerce-product-attributes-item__label\">Cushion color<\/th>\n<td class=\"woocommerce-product-attributes-item__value\">Black\/red<\/td>\n<\/tr>\n<tr class=\"woocommerce-product-attributes-item woocommerce-product-attributes-item--attribute_pa_depth\">\n<th class=\"woocommerce-product-attributes-item__label\">Depth<\/th>\n<td class=\"woocommerce-product-attributes-item__value\">126 cm<\/td>\n<\/tr>\n<tr class=\"woocommerce-product-attributes-item woocommerce-product-attributes-item--attribute_pa_height\">\n<th class=\"woocommerce-product-attributes-item__label\">Height<\/th>\n<td class=\"woocommerce-product-attributes-item__value\">200 cm<\/td>\n<\/tr>\n<tr class=\"woocommerce-product-attributes-item woocommerce-product-attributes-item--attribute_pa_width\">\n<th class=\"woocommerce-product-attributes-item__label\">Width<\/th>\n<td class=\"woocommerce-product-attributes-item__value\">120 cm<\/td>\n<\/tr>\n<tr class=\"woocommerce-product-attributes-item woocommerce-product-attributes-item--attribute_pa_weight\">\n<th class=\"woocommerce-product-attributes-item__label\">Weight<\/th>\n<td class=\"woocommerce-product-attributes-item__value\">226 kg<\/td>\n<\/tr>\n<tr class=\"woocommerce-product-attributes-item woocommerce-product-attributes-item--attribute_pa_weight-stack\">\n<th class=\"woocommerce-product-attributes-item__label\">Weight stack<\/th>\n<td class=\"woocommerce-product-attributes-item__value\">100 kg<\/td>\n<\/tr>\n<tr class=\"woocommerce-product-attributes-item woocommerce-product-attributes-item--attribute_pa_series\">\n<th class=\"woocommerce-product-attributes-item__label\">Series<\/th>\n<td class=\"woocommerce-product-attributes-item__value\">300<\/td>\n<\/tr>\n<\/tbody>\n<\/table>\n<\/div>\n<\/div>\n<\/div>\n<\/div>\n<\/div>\n<h3>Full product catalog<\/h3>\n<p><a href=\"http:\/\/anima-fitness-and-health.shop\/wp-content\/uploads\/2023\/11\/Gymleco-Catalog-Strength-Machines-2023-m.f.pdf\">Gymleco<\/a><span style=\"color: #000000;\"><a style=\"color: #000000;\" href=\"http:\/\/anima-fitness-and-health.shop\/wp-content\/uploads\/2023\/11\/Gymleco-Catalog-Strength-Machines-2023-m.f.pdf\"> Catalog Strength Machines 2023 m.f<\/a><\/span><\/p>","protected":false},"excerpt":{"rendered":"<h5>Gymleco kombinovana ma\u0161ina za zgibove\/dipseve koja ve\u017eba va\u0161a le\u0111a, tricepse i grudne mi\u0161i\u0107e, ali i druge mi\u0161i\u0107ne grupe u gornjem delu tela. Izuzetno glatka i lako upravljiva\u00a0 ma\u0161ina gde mo\u017eete dodavati kontranagib kako biste unapredili svoj trening.<\/h5>","protected":false},"featured_media":2990,"comment_status":"closed","ping_status":"closed","template":"","meta":{"inline_featured_image":false},"product_brand":[],"product_cat":[76,42,68],"product_tag":[57,56],"class_list":{"0":"post-2989","1":"product","2":"type-product","3":"status-publish","4":"has-post-thumbnail","6":"product_cat-kombinovane-masine","7":"product_cat-machines","8":"product_cat-selektivne-sprave-za-teretanu","9":"product_tag-ledja","10":"product_tag-ruke","12":"first","13":"instock","14":"shipping-taxable","15":"product-type-simple"},"_links":{"self":[{"href":"https:\/\/anima-fitness-and-health.shop\/en\/wp-json\/wp\/v2\/product\/2989","targetHints":{"allow":["GET"]}}],"collection":[{"href":"https:\/\/anima-fitness-and-health.shop\/en\/wp-json\/wp\/v2\/product"}],"about":[{"href":"https:\/\/anima-fitness-and-health.shop\/en\/wp-json\/wp\/v2\/types\/product"}],"replies":[{"embeddable":true,"href":"https:\/\/anima-fitness-and-health.shop\/en\/wp-json\/wp\/v2\/comments?post=2989"}],"version-history":[{"count":0,"href":"https:\/\/anima-fitness-and-health.shop\/en\/wp-json\/wp\/v2\/product\/2989\/revisions"}],"wp:featuredmedia":[{"embeddable":true,"href":"https:\/\/anima-fitness-and-health.shop\/en\/wp-json\/wp\/v2\/media\/2990"}],"wp:attachment":[{"href":"https:\/\/anima-fitness-and-health.shop\/en\/wp-json\/wp\/v2\/media?parent=2989"}],"wp:term":[{"taxonomy":"product_brand","embeddable":true,"href":"https:\/\/anima-fitness-and-health.shop\/en\/wp-json\/wp\/v2\/product_brand?post=2989"},{"taxonomy":"product_cat","embeddable":true,"href":"https:\/\/anima-fitness-and-health.shop\/en\/wp-json\/wp\/v2\/product_cat?post=2989"},{"taxonomy":"product_tag","embeddable":true,"href":"https:\/\/anima-fitness-and-health.shop\/en\/wp-json\/wp\/v2\/product_tag?post=2989"}],"curies":[{"name":"wp","href":"https:\/\/api.w.org\/{rel}","templated":true}]}}