{"id":2924,"date":"2023-11-16T16:14:25","date_gmt":"2023-11-16T16:14:25","guid":{"rendered":"https:\/\/anima-fitness-and-health.shop\/?post_type=product&#038;p=2924"},"modified":"2023-11-16T16:14:25","modified_gmt":"2023-11-16T16:14:25","slug":"244-hacklift","status":"publish","type":"product","link":"https:\/\/anima-fitness-and-health.shop\/en\/product\/244-hacklift\/","title":{"rendered":"244 Hacklift"},"content":{"rendered":"<div class=\"embed-container\"><iframe title=\"HOW TO USE GYM MACHINES: Hacklift\" width=\"600\" height=\"338\" src=\"https:\/\/www.youtube.com\/embed\/aAXTa0yfV6w?feature=oembed\" frameborder=\"0\" allow=\"accelerometer; autoplay; clipboard-write; encrypted-media; gyroscope; picture-in-picture; web-share\" referrerpolicy=\"strict-origin-when-cross-origin\" allowfullscreen><\/iframe><\/div>\n<div class=\"et_pb_section et_pb_section_4_tb_body et_section_regular\">\n<div class=\"et_pb_row et_pb_row_3_tb_body\">\n<div class=\"et_pb_column et_pb_column_4_4 et_pb_column_5_tb_body  et_pb_css_mix_blend_mode_passthrough et-last-child\">\n<div class=\"et_pb_with_border et_pb_module et_pb_code et_pb_code_2_tb_body\">\n<div class=\"et_pb_code_inner\">\n<h4 class=\"rv_button closed hidesv\">Technical specifications &amp; Documents<\/h4>\n<\/div>\n<\/div>\n<\/div>\n<\/div>\n<\/div>\n<div class=\"et_pb_section et_pb_section_5_tb_body et_section_regular\">\n<div class=\"et_pb_row et_pb_row_4_tb_body\">\n<div class=\"et_pb_column et_pb_column_4_4 et_pb_column_6_tb_body  et_pb_css_mix_blend_mode_passthrough et-last-child\">\n<div class=\"et_pb_module et_pb_wc_additional_info et_pb_wc_additional_info_0_tb_body et_pb_bg_layout_light  et_pb_text_align_left\">\n<div class=\"et_pb_module_inner\">\n<table class=\"woocommerce-product-attributes shop_attributes\">\n<tbody>\n<tr class=\"woocommerce-product-attributes-item woocommerce-product-attributes-item--attribute_pa_gym-machine-muscle-target\">\n<th class=\"woocommerce-product-attributes-item__label\">Gym machine muscle target<\/th>\n<td class=\"woocommerce-product-attributes-item__value\">Legs<\/td>\n<\/tr>\n<tr class=\"woocommerce-product-attributes-item woocommerce-product-attributes-item--attribute_length\">\n<th class=\"woocommerce-product-attributes-item__label\">Length<\/th>\n<td class=\"woocommerce-product-attributes-item__value\">195 cm<\/td>\n<\/tr>\n<tr class=\"woocommerce-product-attributes-item woocommerce-product-attributes-item--attribute_width\">\n<th class=\"woocommerce-product-attributes-item__label\">Width<\/th>\n<td class=\"woocommerce-product-attributes-item__value\">80 cm<\/td>\n<\/tr>\n<tr class=\"woocommerce-product-attributes-item woocommerce-product-attributes-item--attribute_height\">\n<th class=\"woocommerce-product-attributes-item__label\">Height<\/th>\n<td class=\"woocommerce-product-attributes-item__value\">145 cm<\/td>\n<\/tr>\n<tr class=\"woocommerce-product-attributes-item woocommerce-product-attributes-item--attribute_weight\">\n<th class=\"woocommerce-product-attributes-item__label\">Weight<\/th>\n<td class=\"woocommerce-product-attributes-item__value\">137,5 kg<\/td>\n<\/tr>\n<tr class=\"woocommerce-product-attributes-item woocommerce-product-attributes-item--attribute_cushion-color\">\n<th class=\"woocommerce-product-attributes-item__label\">Cushion color<\/th>\n<td class=\"woocommerce-product-attributes-item__value\">Black\/red<\/td>\n<\/tr>\n<tr class=\"woocommerce-product-attributes-item woocommerce-product-attributes-item--attribute_trolley-weight\">\n<th class=\"woocommerce-product-attributes-item__label\">Trolley weight<\/th>\n<td class=\"woocommerce-product-attributes-item__value\">47,5 kg<\/td>\n<\/tr>\n<tr class=\"woocommerce-product-attributes-item woocommerce-product-attributes-item--attribute_pa_exercise-types\">\n<th class=\"woocommerce-product-attributes-item__label\">Exercise types<\/th>\n<td class=\"woocommerce-product-attributes-item__value\">Strength training<\/td>\n<\/tr>\n<\/tbody>\n<\/table>\n<\/div>\n<\/div>\n<\/div>\n<\/div>\n<div class=\"et_pb_row et_pb_row_5_tb_body\">\n<div class=\"et_pb_column et_pb_column_4_4 et_pb_column_7_tb_body  et_pb_css_mix_blend_mode_passthrough et-last-child\">\n<div class=\"et_pb_module toolset_divi_view toolset_divi_view_2_tb_body\">\n<div class=\"et_pb_module_inner\">\n<div id=\"wpv-view-layout-17229228-TCPID223\" class=\"js-wpv-view-layout js-wpv-layout-responsive js-wpv-view-layout-17229228-TCPID223\" data-viewnumber=\"17229228-TCPID223\" data-pagination=\"{&quot;id&quot;:17229228,&quot;query&quot;:&quot;normal&quot;,&quot;type&quot;:&quot;disabled&quot;,&quot;effect&quot;:&quot;fade&quot;,&quot;duration&quot;:500,&quot;speed&quot;:5,&quot;pause_on_hover&quot;:&quot;enabled&quot;,&quot;stop_rollover&quot;:&quot;false&quot;,&quot;cache_pages&quot;:&quot;enabled&quot;,&quot;preload_images&quot;:&quot;enabled&quot;,&quot;preload_pages&quot;:&quot;enabled&quot;,&quot;preload_reach&quot;:1,&quot;spinner&quot;:&quot;builtin&quot;,&quot;spinner_image&quot;:&quot;https:\/\/www.gymleco.com\/wp-content\/plugins\/toolset-blocks\/embedded\/res\/img\/ajax-loader.gif&quot;,&quot;callback_next&quot;:&quot;&quot;,&quot;manage_history&quot;:&quot;disabled&quot;,&quot;has_controls_in_form&quot;:&quot;disabled&quot;,&quot;infinite_tolerance&quot;:&quot;0&quot;,&quot;max_pages&quot;:1,&quot;page&quot;:1,&quot;base_permalink&quot;:&quot;\/product\/244-hacklift\/?wpv_view_count=17229228-TCPID223&amp;wpv_paged=WPV_PAGE_NUM&quot;,&quot;loop&quot;:{&quot;type&quot;:&quot;&quot;,&quot;name&quot;:&quot;&quot;,&quot;data&quot;:[],&quot;id&quot;:0}}\" data-permalink=\"\/product\/244-hacklift\/?wpv_view_count=17229228-TCPID223\"><\/div>\n<\/div>\n<\/div>\n<\/div>\n<\/div>\n<\/div>\n<div class=\"et_pb_section et_pb_section_6_tb_body et_section_regular\">\n<div class=\"et_pb_row et_pb_row_6_tb_body\">\n<div class=\"et_pb_column et_pb_column_4_4 et_pb_column_8_tb_body  et_pb_css_mix_blend_mode_passthrough et-last-child\">\n<div class=\"et_pb_module et_pb_wc_description et_pb_wc_description_1_tb_body et_pb_bg_layout_light  et_pb_text_align_left\">\n<div class=\"et_pb_module_inner\">\n<h3>Full product catalog<\/h3>\n<p><a href=\"http:\/\/anima-fitness-and-health.shop\/wp-content\/uploads\/2023\/11\/Gymleco-Catalog-Strength-Machines-2023-m.f.pdf\">Gymleco<\/a><span style=\"color: #000000;\"><a style=\"color: #000000;\" href=\"http:\/\/anima-fitness-and-health.shop\/wp-content\/uploads\/2023\/11\/Gymleco-Catalog-Strength-Machines-2023-m.f.pdf\"> Catalog Strength Machines 2023 m.f<\/a><\/span><\/p>\n<\/div>\n<\/div>\n<\/div>\n<\/div>\n<\/div>","protected":false},"excerpt":{"rendered":"<h5>Na\u0161a Hacklift ma\u0161ina je najprodavanija \u0161irom sveta. Pru\u017ea vam otvorenu i kompaktnu konstrukciju bez ugro\u017eavanja funkcije ili stabilnosti. Ova ma\u0161ina za podizanje sa ru\u010dkom pru\u017ea vam ukusan dizajn i otvorenu konstrukciju bez ugro\u017eavanja funkcije ili stabilnosti. Obojica \u0161tedite prostor u teretani i imate odli\u010dnu, bezbednu ma\u0161inu za korisnike.<\/h5>","protected":false},"featured_media":2927,"comment_status":"closed","ping_status":"closed","template":"","meta":{"inline_featured_image":false},"product_brand":[],"product_cat":[42,15],"product_tag":[51],"class_list":{"0":"post-2924","1":"product","2":"type-product","3":"status-publish","4":"has-post-thumbnail","6":"product_cat-machines","7":"product_cat-masine-sa-plocama","8":"product_tag-noge","10":"first","11":"instock","12":"shipping-taxable","13":"product-type-simple"},"_links":{"self":[{"href":"https:\/\/anima-fitness-and-health.shop\/en\/wp-json\/wp\/v2\/product\/2924","targetHints":{"allow":["GET"]}}],"collection":[{"href":"https:\/\/anima-fitness-and-health.shop\/en\/wp-json\/wp\/v2\/product"}],"about":[{"href":"https:\/\/anima-fitness-and-health.shop\/en\/wp-json\/wp\/v2\/types\/product"}],"replies":[{"embeddable":true,"href":"https:\/\/anima-fitness-and-health.shop\/en\/wp-json\/wp\/v2\/comments?post=2924"}],"version-history":[{"count":0,"href":"https:\/\/anima-fitness-and-health.shop\/en\/wp-json\/wp\/v2\/product\/2924\/revisions"}],"wp:featuredmedia":[{"embeddable":true,"href":"https:\/\/anima-fitness-and-health.shop\/en\/wp-json\/wp\/v2\/media\/2927"}],"wp:attachment":[{"href":"https:\/\/anima-fitness-and-health.shop\/en\/wp-json\/wp\/v2\/media?parent=2924"}],"wp:term":[{"taxonomy":"product_brand","embeddable":true,"href":"https:\/\/anima-fitness-and-health.shop\/en\/wp-json\/wp\/v2\/product_brand?post=2924"},{"taxonomy":"product_cat","embeddable":true,"href":"https:\/\/anima-fitness-and-health.shop\/en\/wp-json\/wp\/v2\/product_cat?post=2924"},{"taxonomy":"product_tag","embeddable":true,"href":"https:\/\/anima-fitness-and-health.shop\/en\/wp-json\/wp\/v2\/product_tag?post=2924"}],"curies":[{"name":"wp","href":"https:\/\/api.w.org\/{rel}","templated":true}]}}