{"id":2717,"date":"2023-11-11T18:25:16","date_gmt":"2023-11-11T18:25:16","guid":{"rendered":"https:\/\/anima-fitness-and-health.shop\/?post_type=product&#038;p=2717"},"modified":"2023-11-14T15:44:37","modified_gmt":"2023-11-14T15:44:37","slug":"817-fat-bar-8-kg","status":"publish","type":"product","link":"https:\/\/anima-fitness-and-health.shop\/en\/product\/817-fat-bar-8-kg\/","title":{"rendered":"817 Fat Bar 8 kg"},"content":{"rendered":"<div class=\"et_pb_section et_pb_section_4_tb_body et_section_regular\">\n<div class=\"et_pb_row et_pb_row_3_tb_body\">\n<div class=\"et_pb_column et_pb_column_4_4 et_pb_column_5_tb_body et_pb_css_mix_blend_mode_passthrough et-last-child\">\n<div class=\"et_pb_with_border et_pb_module et_pb_code et_pb_code_2_tb_body\">\n<div class=\"et_pb_code_inner\">\n<h4 class=\"rv_button closed hidesv\">Technical specifications &amp; Documents<\/h4>\n<p>&nbsp;<\/p>\n<\/div>\n<\/div>\n<\/div>\n<\/div>\n<\/div>\n<div class=\"et_pb_section et_pb_section_5_tb_body et_section_regular\">\n<div class=\"et_pb_row et_pb_row_4_tb_body\">\n<div class=\"et_pb_column et_pb_column_4_4 et_pb_column_6_tb_body et_pb_css_mix_blend_mode_passthrough et-last-child\">\n<div class=\"et_pb_module et_pb_wc_additional_info et_pb_wc_additional_info_0_tb_body et_pb_bg_layout_light et_pb_text_align_left\">\n<div class=\"et_pb_module_inner\">\n<table class=\"woocommerce-product-attributes shop_attributes\">\n<tbody>\n<tr class=\"woocommerce-product-attributes-item woocommerce-product-attributes-item--attribute_pa_bearings-bushings\">\n<th class=\"woocommerce-product-attributes-item__label\">&amp; bushings<\/th>\n<td class=\"woocommerce-product-attributes-item__value\">Fixed bar<\/td>\n<\/tr>\n<tr class=\"woocommerce-product-attributes-item woocommerce-product-attributes-item--attribute_pa_grip-diameter\">\n<th class=\"woocommerce-product-attributes-item__label\">Grip diameter<\/th>\n<td class=\"woocommerce-product-attributes-item__value\">51 mm<\/td>\n<\/tr>\n<tr class=\"woocommerce-product-attributes-item woocommerce-product-attributes-item--attribute_pa_barbell-sleeve-surface\">\n<th class=\"woocommerce-product-attributes-item__label\">Barbell sleeve surface<\/th>\n<td class=\"woocommerce-product-attributes-item__value\">Aluminium<\/td>\n<\/tr>\n<tr class=\"woocommerce-product-attributes-item woocommerce-product-attributes-item--attribute_pa_total-bar-weight\">\n<th class=\"woocommerce-product-attributes-item__label\">Total bar weight<\/th>\n<td class=\"woocommerce-product-attributes-item__value\">8 kg<\/td>\n<\/tr>\n<tr class=\"woocommerce-product-attributes-item woocommerce-product-attributes-item--attribute_pa_type-of-barbell\">\n<th class=\"woocommerce-product-attributes-item__label\">Type of barbell<\/th>\n<td class=\"woocommerce-product-attributes-item__value\">Special bars<\/td>\n<\/tr>\n<tr class=\"woocommerce-product-attributes-item woocommerce-product-attributes-item--attribute_pa_sleeve-diameter\">\n<th class=\"woocommerce-product-attributes-item__label\">Sleeve diameter<\/th>\n<td class=\"woocommerce-product-attributes-item__value\">50 mm<\/td>\n<\/tr>\n<tr class=\"woocommerce-product-attributes-item woocommerce-product-attributes-item--attribute_pa_sleeve-length\">\n<th class=\"woocommerce-product-attributes-item__label\">Sleeve length<\/th>\n<td class=\"woocommerce-product-attributes-item__value\">390 mm<\/td>\n<\/tr>\n<tr class=\"woocommerce-product-attributes-item woocommerce-product-attributes-item--attribute_pa_load-capacity\">\n<th class=\"woocommerce-product-attributes-item__label\">Load capacity<\/th>\n<td class=\"woocommerce-product-attributes-item__value\">+40 kg<\/td>\n<\/tr>\n<tr class=\"woocommerce-product-attributes-item woocommerce-product-attributes-item--attribute_pa_total-bar-length\">\n<th class=\"woocommerce-product-attributes-item__label\">Total bar length<\/th>\n<td class=\"woocommerce-product-attributes-item__value\">2200 mm<\/td>\n<\/tr>\n<tr class=\"woocommerce-product-attributes-item woocommerce-product-attributes-item--attribute_pa_grip-marking\">\n<th class=\"woocommerce-product-attributes-item__label\">Grip marking<\/th>\n<td class=\"woocommerce-product-attributes-item__value\">Weightlifting<\/td>\n<\/tr>\n<\/tbody>\n<\/table>\n<h3>Full product catalog<\/h3>\n<p><a href=\"http:\/\/anima-fitness-and-health.shop\/wp-content\/uploads\/2023\/11\/Gymleco-Catalog-Strength-Machines-2023-m.f.pdf\">Gymleco<\/a><span style=\"color: #000000;\"><a style=\"color: #000000;\" href=\"http:\/\/anima-fitness-and-health.shop\/wp-content\/uploads\/2023\/11\/Gymleco-Catalog-Strength-Machines-2023-m.f.pdf\"> Catalog Strength Machines 2023 m.f<\/a><\/span><\/p>\n<\/div>\n<\/div>\n<\/div>\n<\/div>\n<\/div>","protected":false},"excerpt":{"rendered":"<h5 id=\"tw-target-rmn\" class=\"tw-data-text tw-text-small tw-ta\" dir=\"ltr\"><span class=\"Y2IQFc\">Ova debela \u0161ipka je te\u0161ka samo 8 kg, \u0161to vam daje moguc\u0301nost da u\u010ditavate tegove prema sopstvenim moguc\u0301nostima i \u017eeljama. Uteg se prvenstveno koristi za treniranje snage hvata, a jedinstvena stvar u vezi sa ovom specijalnom \u0161ipkom je pre\u010dnik hvata. \u0160to je ukupno 51 mm. Standard je 28 mm na obi\u010dnoj \u0161ipki.<\/span><\/h5>","protected":false},"featured_media":2718,"comment_status":"closed","ping_status":"closed","template":"","meta":{"inline_featured_image":false},"product_brand":[],"product_cat":[45],"product_tag":[81],"class_list":{"0":"post-2717","1":"product","2":"type-product","3":"status-publish","4":"has-post-thumbnail","6":"product_cat-gym-equipment","7":"product_tag-barbells","9":"first","10":"instock","11":"downloadable","12":"shipping-taxable","13":"product-type-simple"},"_links":{"self":[{"href":"https:\/\/anima-fitness-and-health.shop\/en\/wp-json\/wp\/v2\/product\/2717","targetHints":{"allow":["GET"]}}],"collection":[{"href":"https:\/\/anima-fitness-and-health.shop\/en\/wp-json\/wp\/v2\/product"}],"about":[{"href":"https:\/\/anima-fitness-and-health.shop\/en\/wp-json\/wp\/v2\/types\/product"}],"replies":[{"embeddable":true,"href":"https:\/\/anima-fitness-and-health.shop\/en\/wp-json\/wp\/v2\/comments?post=2717"}],"version-history":[{"count":1,"href":"https:\/\/anima-fitness-and-health.shop\/en\/wp-json\/wp\/v2\/product\/2717\/revisions"}],"predecessor-version":[{"id":2817,"href":"https:\/\/anima-fitness-and-health.shop\/en\/wp-json\/wp\/v2\/product\/2717\/revisions\/2817"}],"wp:featuredmedia":[{"embeddable":true,"href":"https:\/\/anima-fitness-and-health.shop\/en\/wp-json\/wp\/v2\/media\/2718"}],"wp:attachment":[{"href":"https:\/\/anima-fitness-and-health.shop\/en\/wp-json\/wp\/v2\/media?parent=2717"}],"wp:term":[{"taxonomy":"product_brand","embeddable":true,"href":"https:\/\/anima-fitness-and-health.shop\/en\/wp-json\/wp\/v2\/product_brand?post=2717"},{"taxonomy":"product_cat","embeddable":true,"href":"https:\/\/anima-fitness-and-health.shop\/en\/wp-json\/wp\/v2\/product_cat?post=2717"},{"taxonomy":"product_tag","embeddable":true,"href":"https:\/\/anima-fitness-and-health.shop\/en\/wp-json\/wp\/v2\/product_tag?post=2717"}],"curies":[{"name":"wp","href":"https:\/\/api.w.org\/{rel}","templated":true}]}}